{"id":307,"date":"2024-06-27T13:52:31","date_gmt":"2024-06-27T13:52:31","guid":{"rendered":"https:\/\/inclusive-apprenticeships.eu\/?page_id=307"},"modified":"2024-07-15T14:00:08","modified_gmt":"2024-07-15T14:00:08","slug":"partners-organizations","status":"publish","type":"page","link":"https:\/\/inclusive-apprenticeships.eu\/de\/partners-organizations\/","title":{"rendered":"Partner &#038; Organisationen"},"content":{"rendered":"<section class=\"l-section wpb_row us_custom_3b683f0e therapies-content-template-for-before height_medium\"><div class=\"l-section-h i-cf\"><div class=\"g-cols vc_row via_flex valign_top type_default stacking_default\"><div class=\"vc_col-sm-12 wpb_column vc_column_container\"><div class=\"vc_column-inner\"><div class=\"wpb_wrapper\"><div class=\"g-cols wpb_row via_flex valign_top type_default stacking_default\"><div class=\"vc_col-sm-4 wpb_column vc_column_container\"><div class=\"vc_column-inner\"><div class=\"wpb_wrapper\"><div class=\"w-image align_center\"><div class=\"w-image-h\"><img loading=\"lazy\" decoding=\"async\" width=\"300\" height=\"126\" src=\"https:\/\/inclusive-apprenticeships.eu\/wp-content\/uploads\/2024\/06\/logo-crefop-300x126.png\" class=\"attachment-medium size-medium\" alt=\"\" srcset=\"https:\/\/inclusive-apprenticeships.eu\/wp-content\/uploads\/2024\/06\/logo-crefop-300x126.png 300w, https:\/\/inclusive-apprenticeships.eu\/wp-content\/uploads\/2024\/06\/logo-crefop.png 312w\" sizes=\"auto, (max-width: 300px) 100vw, 300px\" \/><\/div><\/div><\/div><\/div><\/div><div class=\"vc_col-sm-8 wpb_column vc_column_container\"><div class=\"vc_column-inner\"><div class=\"wpb_wrapper\"><div class=\"wpb_text_column\"><div class=\"wpb_wrapper\"><h2>CREFOP<\/h2>\n<p><em>Rum\u00e4nien<\/em><\/p>\n<p>Die CREFOP-Stiftung (Ressourcenzentrum f\u00fcr Berufsbildung) ist eine 2006 in Rum\u00e4nien gegr\u00fcndete Nichtregierungsorganisation, deren Hauptaufgabe darin besteht, integrative Bildung und Innovation in der allgemeinen und beruflichen Bildung zu f\u00f6rdern. Seit ihrer Gr\u00fcndung hat die Stiftung wichtige Projekte auf nationaler Ebene entwickelt, vor allem in benachteiligten Gemeinden in mehreren Regionen Rum\u00e4niens (Nordwesten, Zentrum, Nordosten, S\u00fcdwesten Olteniens), in nationalen Projekten, die aus dem Europ\u00e4ischen Sozialfonds finanziert werden, aber auch in europ\u00e4ischen Programmen, insbesondere solchen, die auf die Entwicklung von Innovationen in der allgemeinen und beruflichen Bildung abzielen. Das CREFOP ist ein zugelassener Anbieter von Berufsausbildungen und betreut j\u00e4hrlich ca. 1500 Auszubildende, die an Einf\u00fchrungs-, Qualifizierungs- oder Spezialisierungsprogrammen in verschiedenen Berufen in den Bereichen Bau, Dienstleistungen und Tourismus teilnehmen. Die Ausbildung richtet sich haupts\u00e4chlich an benachteiligte Menschen (Behinderte, Roma, Langzeitarbeitslose usw.) und wird von Programmen zur St\u00e4rkung des Selbstwertgef\u00fchls und des Selbstvertrauens sowie von Kursen zur Bildung von Schl\u00fcsselkompetenzen unterst\u00fctzt.<\/p>\n<p>Die Programme und Dienstleistungen in den Bereichen Besch\u00e4ftigung, Orientierung und Beratung sowie Mediation, f\u00fcr die die Stiftung seit 2013 akkreditiert ist, sind auch die grundlegenden Elemente der Dienstleistungen, die sie auf dem rum\u00e4nischen Markt anbietet, um neben der Berufsausbildung auch die Besch\u00e4ftigungsf\u00e4higkeit der Beg\u00fcnstigten (ca. 6000 Beg\u00fcnstigte) zu verbessern.<\/p>\n<\/div><\/div><div class=\"w-btn-wrapper align_none\"><a class=\"w-btn us-btn-style_1 us_custom_d2199d32\" target=\"_blank\" rel=\"nofollow\" href=\"https:\/\/www.crefop.ro\/fundatia-crefop\/\"><span class=\"w-btn-label\">Official Website<\/span><\/a><\/div><div class=\"w-socials us_custom_1bd81135 color_brand shape_square style_default hover_fade\"><div class=\"w-socials-list\"><div class=\"w-socials-item facebook\"><a target=\"_blank\" rel=\"nofollow\" href=\"https:\/\/www.facebook.com\/crefop.ro\/\" class=\"w-socials-item-link\" title=\"Facebook\" aria-label=\"Facebook\"><span class=\"w-socials-item-link-hover\"><\/span><i class=\"fab fa-facebook\"><\/i><\/a><div class=\"w-socials-item-popup\"><span>Facebook<\/span><\/div><\/div><\/div><\/div><\/div><\/div><\/div><\/div><div class=\"g-cols wpb_row us_custom_af6a9b6a via_flex valign_top type_default stacking_default\"><div class=\"vc_col-sm-4 wpb_column vc_column_container\"><div class=\"vc_column-inner\"><div class=\"wpb_wrapper\"><div class=\"w-image align_center\"><div class=\"w-image-h\"><img loading=\"lazy\" decoding=\"async\" width=\"225\" height=\"141\" src=\"https:\/\/inclusive-apprenticeships.eu\/wp-content\/uploads\/2024\/05\/header-logo-rove-1.png\" class=\"attachment-medium size-medium\" alt=\"\" \/><\/div><\/div><\/div><\/div><\/div><div class=\"vc_col-sm-8 wpb_column vc_column_container\"><div class=\"vc_column-inner\"><div class=\"wpb_wrapper\"><div class=\"wpb_text_column\"><div class=\"wpb_wrapper\"><h2>ABPR &#8211; ROVE<\/h2>\n<p><em>Rum\u00e4nien<\/em><\/p>\n<p>Die Assoziation f\u00fcr Business Promotion in Romania (ABP) ist eine Nichtregierungsorganisation, die in 2005 mit dem Ziel gegr\u00fcndet wurde, die Entwicklung und Organisation der Wirtschaft in Rum\u00e4nien zu f\u00f6rdern und dabei die Freiheit des wirtschaftlichen Wettbewerbs zu respektieren. Im Laufe seiner T\u00e4tigkeit hat der Verein eine Vielzahl von Projekten zur Wirtschaftsf\u00f6rderung durchgef\u00fchrt, von der Umsetzung mehrerer regionaler Wirtschaftsf\u00f6rderungsmodelle- und Projekte bis hin zur Einrichtung und dem Betrieb eines grenz\u00fcberschreitenden Gr\u00fcnderzentrums, die sich alle an bestehende oder zuk\u00fcnftige Unternehmer\u00ac_innen in der Region Partium richten.<\/p>\n<p>Von der Organisationsstruktur her kann die Vereinigung als eine hybride Struktur beschrieben werden. Einerseits gibt es aufgrund der Satzung der Organisation eine hierarchische Struktur, die aus drei leitenden Mitglieder\u00ac_innen (einem Pr\u00e4sidenten und zwei Vizepr\u00e4sidenten) und Mitarbeiter_innen mit unterschiedlichem Status besteht. Andererseits ist die derzeitige Organisationsstruktur aufgrund der Tatsache, dass die Hauptaktivit\u00e4ten der Organisation auf der Umsetzung von Projekten basieren, projektbasiert, da jedes Mitglied der Vereinigung an einem oder mehreren von der Vereinigung durchgef\u00fchrten Projekten arbeitet. Gegenw\u00e4rtig hat der Verein 14 aktive Mitarbeiter_innen, einschlie\u00dflich der Leiter_innen.<br \/>\nDie Organisation hat im Laufe der Jahre 23 erfolgreiche EU-finanzierte Projekte durchgef\u00fchrt, bei denen die Hauptschwerpunkte auf der Kompetenzentwicklung durch akkreditierte Schulungen, der Gew\u00e4hrleistung von Chancengleichheit und der Ausbildung f\u00fcr Benachteiligte sowie der finanziellen Unterst\u00fctzung und Gr\u00fcndung von Start-ups lagen. Von diesen 23 Projekten hat ABPR in den letzten f\u00fcnf Jahren drei Projekte durchgef\u00fchrt, in deren Rahmen es die Gr\u00fcndung von 105 neuen Unternehmen mit finanzieller Unterst\u00fctzung, Mentor_innenprogrammen und auch akkreditierten Schulungskursen, in denen 600 Teilnehmer_innen geschult wurden, unterst\u00fctzen konnte.<\/p>\n<p>In den vergangenen f\u00fcnf Jahren hat die Vereinigung au\u00dferdem drei grenz\u00fcberschreitende Kooperationsprojekte durchgef\u00fchrt, von denen das erste auf die unternehmerische Ausbildung von Sch\u00fcler_innen \u00fcber eine E-Learning-Plattform und Mentorenschaft abzielte, wobei der Schwerpunkt auf der Entwicklung von F\u00e4higkeiten lag. Das Hauptziel des n\u00e4chsten Projekts bestand darin, die Kapazit\u00e4t und Bereitschaft der freiwilligen Notfalleinheiten in den Kreisen Hajdu-Bihar und Bihor zu erh\u00f6hen, indem ein Ausbildungszentrum f\u00fcr freiwillige Feuerwehrleute im Kreis Bihor eingerichtet und fast 140 freiwillige Feuerwehrleute in einem akkreditierten Lehrgang ausgebildet wurden.<\/p>\n<p>Die Assoziation f\u00fcr Business Promotion in Romania ist eine NRO, die f\u00fcr die Durchf\u00fchrung von Berufsausbildungen zertifiziert ist. In der Vergangenheit hat die Organisation die folgenden akkreditierten Ausbildungskurse durchgef\u00fchrt: Projektmanager_in; Experte_in f\u00fcr \u00f6ffentliche Beschaffung; Sicherheits- und Gesundheitskoordinator_in &#8211; Sekundarstufe; Sicherheits- und Gesundheitsinspektor_in &#8211; technische Studien; Sicherheits- und Gesundheitsinspektor_in &#8211; Hochschulausbildung; Personalmanager_in; Manager_in f\u00fcr Prozessverbesserung; Fremdenf\u00fchrer_in; Veranstaltungsorganisator_in; Agrotourismusarbeiter_in. Gegenw\u00e4rtig bietet die Organisation die folgenden akkreditierten Ausbildungskurse an: unternehmerische Kompetenzen, soziale und staatsb\u00fcrgerliche Kompetenzen, Feuerwehrdienst. Schlie\u00dflich besteht das dritte, noch laufende Projekt, dessen Hauptziel darin besteht, die Aktivit\u00e4ten von Akteuren der Kreativbranche zu unterst\u00fctzen, indem zwei voll ausgestattete kreative Coworking-Spaces, einer in Debrecen und einer in Oradea, f\u00fcr ihre Nutzung eingerichtet werden, die f\u00fcr Holz-, Metall- und Textilarbeiten, eine Malwerkstatt, ein Fotostudio und eine Druckerei ausgestattet sind.<\/p>\n<\/div><\/div><div class=\"w-btn-wrapper align_none\"><a class=\"w-btn us-btn-style_1 us_custom_d2199d32\" target=\"_blank\" rel=\"nofollow\" href=\"https:\/\/rove.ro\/\"><span class=\"w-btn-label\">Official Website<\/span><\/a><\/div><div class=\"w-socials us_custom_1bd81135 color_brand shape_square style_default hover_fade\"><div class=\"w-socials-list\"><div class=\"w-socials-item facebook\"><a target=\"_blank\" rel=\"nofollow\" href=\"https:\/\/www.facebook.com\/roveappar\" class=\"w-socials-item-link\" title=\"Facebook\" aria-label=\"Facebook\"><span class=\"w-socials-item-link-hover\"><\/span><i class=\"fab fa-facebook\"><\/i><\/a><div class=\"w-socials-item-popup\"><span>Facebook<\/span><\/div><\/div><\/div><\/div><\/div><\/div><\/div><\/div><div class=\"g-cols wpb_row us_custom_af6a9b6a via_flex valign_top type_default stacking_default\"><div class=\"vc_col-sm-4 wpb_column vc_column_container\"><div class=\"vc_column-inner\"><div class=\"wpb_wrapper\"><div class=\"w-image align_center\"><div class=\"w-image-h\"><img loading=\"lazy\" decoding=\"async\" width=\"185\" height=\"147\" src=\"https:\/\/inclusive-apprenticeships.eu\/wp-content\/uploads\/2024\/05\/best-1.png\" class=\"attachment-medium size-medium\" alt=\"\" \/><\/div><\/div><\/div><\/div><\/div><div class=\"vc_col-sm-8 wpb_column vc_column_container\"><div class=\"vc_column-inner\"><div class=\"wpb_wrapper\"><div class=\"wpb_text_column\"><div class=\"wpb_wrapper\"><h2>BEST<\/h2>\n<p><em>\u00d6sterreich<\/em><\/p>\n<p>BEST Institut f\u00fcr berufsbezogene Weiterbildung und Personaltraining GmbH (www.best.at) wurde im Jahr 1990 als ein unabh\u00e4ngiges Institut f\u00fcr berufsbezogene Aus- und Weiterbildung gegr\u00fcndet. Die Hauptaktivit\u00e4ten des Instituts liegen in der Entwicklung von innovativen Bildungsprogrammen f\u00fcr junge Menschen (+16) und Erwachsene, viele von ihnen sind benachteiligt oder mit Migrationshintergrund, auf kontinuierlicher und beruflicher Ausbildung, Beratung &amp; Coaching sowie Aktivierung f\u00fcr Arbeitsuchende und Arbeitnehmer. Die Ausbildungsprogramme sind kundenorientiert und sowohl auf die spezifischen Anforderungen des Arbeitsmarktes als auch auf die individuellen Situationen der TeilnehmerInnen, F\u00e4higkeiten und Kompetenzen, bisherige Erfahrungen und Lebensumst\u00e4nde, ausgerichtet. Weitere Informationen finden Sie in unserem Video (https:\/\/youtu.be\/0jcwPthMCPs).<\/p>\n<\/div><\/div><div class=\"w-btn-wrapper align_none\"><a class=\"w-btn us-btn-style_1 us_custom_d2199d32\" href=\"https:\/\/www.best.at\/\"><span class=\"w-btn-label\">Official Website<\/span><\/a><\/div><\/div><\/div><\/div><\/div><div class=\"g-cols wpb_row us_custom_af6a9b6a via_flex valign_top type_default stacking_default\"><div class=\"vc_col-sm-4 wpb_column vc_column_container\"><div class=\"vc_column-inner\"><div class=\"wpb_wrapper\"><div class=\"w-image align_center\"><div class=\"w-image-h\"><img loading=\"lazy\" decoding=\"async\" width=\"211\" height=\"141\" src=\"https:\/\/inclusive-apprenticeships.eu\/wp-content\/uploads\/2024\/05\/logo-intempore-1-1.png\" class=\"attachment-medium size-medium\" alt=\"\" \/><\/div><\/div><\/div><\/div><\/div><div class=\"vc_col-sm-8 wpb_column vc_column_container\"><div class=\"vc_column-inner\"><div class=\"wpb_wrapper\"><div class=\"wpb_text_column\"><div class=\"wpb_wrapper\"><h2>INTEMPORE<\/h2>\n<p><em>Bulgarien<\/em><\/p>\n<p>INTEMPORE wurde im Jahr 2021 von Boriana Georgieva und Georgi Georgiev gegr\u00fcndet. Aufbauend auf ihrer umfangreichen Erfahrung gr\u00fcndeten sie ein Beratungsunternehmen mit dem Ziel, Fortschritt und Entwicklung in verschiedenen Sektoren zu f\u00f6rdern. Ihr Ziel ist es, die Qualit\u00e4t der allgemeinen und beruflichen Bildung, die Kompetenzentwicklung, die Besch\u00e4ftigungsf\u00e4higkeit und den wirtschaftlichen Wohlstand durch innovative L\u00f6sungen zu f\u00f6rdern.<\/p>\n<\/div><\/div><div class=\"w-btn-wrapper align_none\"><a class=\"w-btn us-btn-style_1 us_custom_d2199d32\" href=\"http:\/\/intempore.bg\/\"><span class=\"w-btn-label\">Official Website<\/span><\/a><\/div><\/div><\/div><\/div><\/div><div class=\"g-cols wpb_row us_custom_af6a9b6a via_flex valign_top type_default stacking_default\"><div class=\"vc_col-sm-4 wpb_column vc_column_container\"><div class=\"vc_column-inner\"><div class=\"wpb_wrapper\"><div class=\"w-image align_center\"><div class=\"w-image-h\"><img loading=\"lazy\" decoding=\"async\" width=\"300\" height=\"297\" src=\"https:\/\/inclusive-apprenticeships.eu\/wp-content\/uploads\/2024\/06\/oecon-300x297.png\" class=\"attachment-medium size-medium\" alt=\"\" srcset=\"https:\/\/inclusive-apprenticeships.eu\/wp-content\/uploads\/2024\/06\/oecon-300x297.png 300w, https:\/\/inclusive-apprenticeships.eu\/wp-content\/uploads\/2024\/06\/oecon-150x150.png 150w, https:\/\/inclusive-apprenticeships.eu\/wp-content\/uploads\/2024\/06\/oecon.png 329w\" sizes=\"auto, (max-width: 300px) 100vw, 300px\" \/><\/div><\/div><\/div><\/div><\/div><div class=\"vc_col-sm-8 wpb_column vc_column_container\"><div class=\"vc_column-inner\"><div class=\"wpb_wrapper\"><div class=\"wpb_text_column\"><div class=\"wpb_wrapper\"><h2>OECON GROUP<\/h2>\n<p><em>Griechenland<\/em><\/p>\n<p>Die OECON Group wurde 2003 von einer Gruppe von Expert_innen gegr\u00fcndet, die im Bereich der Unternehmensberatung und des Managements von kleinen und mittleren Unternehmen sowie von Organisationen zur Unterst\u00fctzung von Unternehmen t\u00e4tig sind. Die OECON Group ist ein europ\u00e4isches Managementberatungsunternehmen und ein f\u00fchrender Berater in den Bereichen Unternehmensstrategie und soziales Unternehmertum sowie ein Erwachsenenbildungszentrum mit Sitz in Thessaloniki, Griechenland. Wir arbeiten mit Kunden und Kundinnen und Nutznie\u00dfer_innen aus dem privaten, \u00f6ffentlichen und gemeinn\u00fctzigen Sektor in allen Regionen zusammen, um ihre wertvollsten Chancen zu identifizieren, ihre kritischsten Herausforderungen zu bew\u00e4ltigen, ihr Personal zu schulen und ihre Organisationen zu transformieren. Unser ma\u00dfgeschneiderter Ansatz kombiniert tiefe Einblicke in die Dynamik von Organisationen, Unternehmen und M\u00e4rkten mit Blick auf die Bed\u00fcrfnisse der Gesellschaft und der jeweiligen Zielgruppen. So stellen wir sicher, dass unsere Kunden und Kundinnen nachhaltige Wettbewerbsvorteile erzielen, leistungsf\u00e4higere Organisationen aufbauen und nachhaltige Ergebnisse erzielen.<\/p>\n<p>Dar\u00fcber hinaus verf\u00fcgt die OECON Gruppe \u00fcber umfangreiche Erfahrungen in der Durchf\u00fchrung von berufsbildungsorientierten Kursen f\u00fcr Erwachsene. Wir konzentrieren uns vor allem auf die Unterst\u00fctzung der nachhaltigen Entwicklung der Wirtschaft und helfen Einzelpersonen und Unternehmen auf ihrem Weg des lebenslangen Lernens. Wir haben ein besonderes Interesse an der F\u00f6rderung einer nachhaltigen Entwicklung, insbesondere im unternehmerischen Bereich, indem wir mit Spin-offs und Start-ups arbeiten, in Business Angels investieren und eingehende Forschung betreiben.<\/p>\n<\/div><\/div><div class=\"w-btn-wrapper align_none\"><a class=\"w-btn us-btn-style_1 us_custom_d2199d32\" href=\"https:\/\/www.oecon.gr\/en\/\"><span class=\"w-btn-label\">Official Website<\/span><\/a><\/div><div class=\"w-socials us_custom_1bd81135 color_brand shape_square style_default hover_fade\"><div class=\"w-socials-list\"><div class=\"w-socials-item facebook\"><a target=\"_blank\" rel=\"nofollow\" href=\"https:\/\/www.facebook.com\/oecongroup\/  \" class=\"w-socials-item-link\" title=\"Facebook\" aria-label=\"Facebook\"><span class=\"w-socials-item-link-hover\"><\/span><i class=\"fab fa-facebook\"><\/i><\/a><div class=\"w-socials-item-popup\"><span>Facebook<\/span><\/div><\/div><div class=\"w-socials-item linkedin\"><a target=\"_blank\" rel=\"nofollow\" href=\"https:\/\/www.linkedin.com\/company\/oecon-group\/mycompany\/\" class=\"w-socials-item-link\" title=\"LinkedIn\" aria-label=\"LinkedIn\"><span class=\"w-socials-item-link-hover\"><\/span><i class=\"fab fa-linkedin\"><\/i><\/a><div class=\"w-socials-item-popup\"><span>LinkedIn<\/span><\/div><\/div><div class=\"w-socials-item instagram\"><a target=\"_blank\" rel=\"nofollow\" href=\"https:\/\/www.instagram.com\/oecongroup\/\" class=\"w-socials-item-link\" title=\"Instagram\" aria-label=\"Instagram\"><span class=\"w-socials-item-link-hover\"><\/span><i class=\"fab fa-instagram\"><\/i><\/a><div class=\"w-socials-item-popup\"><span>Instagram<\/span><\/div><\/div><div class=\"w-socials-item youtube\"><a target=\"_blank\" rel=\"nofollow\" href=\"https:\/\/www.youtube.com\/@oecongroup\" class=\"w-socials-item-link\" title=\"YouTube\" aria-label=\"YouTube\"><span class=\"w-socials-item-link-hover\"><\/span><i class=\"fab fa-youtube\"><\/i><\/a><div class=\"w-socials-item-popup\"><span>YouTube<\/span><\/div><\/div><\/div><\/div><\/div><\/div><\/div><\/div><\/div><\/div><\/div><\/div><\/div><\/section>\n","protected":false},"excerpt":{"rendered":"CREFOP Rum\u00e4nien Die CREFOP-Stiftung (Ressourcenzentrum f\u00fcr Berufsbildung) ist eine 2006 in Rum\u00e4nien gegr\u00fcndete Nichtregierungsorganisation, deren Hauptaufgabe darin besteht, integrative Bildung und Innovation in der allgemeinen und beruflichen Bildung zu f\u00f6rdern. Seit ihrer Gr\u00fcndung hat die Stiftung wichtige Projekte auf nationaler Ebene entwickelt, vor allem in benachteiligten Gemeinden in mehreren Regionen Rum\u00e4niens (Nordwesten, Zentrum, Nordosten, S\u00fcdwesten...","protected":false},"author":1,"featured_media":0,"parent":0,"menu_order":0,"comment_status":"closed","ping_status":"closed","template":"","meta":{"footnotes":""},"class_list":["post-307","page","type-page","status-publish","hentry"],"_links":{"self":[{"href":"https:\/\/inclusive-apprenticeships.eu\/de\/wp-json\/wp\/v2\/pages\/307","targetHints":{"allow":["GET"]}}],"collection":[{"href":"https:\/\/inclusive-apprenticeships.eu\/de\/wp-json\/wp\/v2\/pages"}],"about":[{"href":"https:\/\/inclusive-apprenticeships.eu\/de\/wp-json\/wp\/v2\/types\/page"}],"author":[{"embeddable":true,"href":"https:\/\/inclusive-apprenticeships.eu\/de\/wp-json\/wp\/v2\/users\/1"}],"replies":[{"embeddable":true,"href":"https:\/\/inclusive-apprenticeships.eu\/de\/wp-json\/wp\/v2\/comments?post=307"}],"version-history":[{"count":4,"href":"https:\/\/inclusive-apprenticeships.eu\/de\/wp-json\/wp\/v2\/pages\/307\/revisions"}],"predecessor-version":[{"id":313,"href":"https:\/\/inclusive-apprenticeships.eu\/de\/wp-json\/wp\/v2\/pages\/307\/revisions\/313"}],"wp:attachment":[{"href":"https:\/\/inclusive-apprenticeships.eu\/de\/wp-json\/wp\/v2\/media?parent=307"}],"curies":[{"name":"wp","href":"https:\/\/api.w.org\/{rel}","templated":true}]}}